{"id":379,"date":"2015-08-12T14:41:48","date_gmt":"2015-08-12T14:41:48","guid":{"rendered":"http:\/\/savoy.nordicmade.com\/?page_id=379"},"modified":"2021-01-14T17:18:53","modified_gmt":"2021-01-14T16:18:53","slug":"faq","status":"publish","type":"page","link":"https:\/\/cocktale.de\/shop\/faq\/","title":{"rendered":"FAQ"},"content":{"rendered":"\n<div class=\"faq\">\n<h1>FAQ<\/h1>\n<p>Frequently Asked Questions.<\/p>\n<button class=\"faqQuestion\">Was sind bottled Cocktails?<\/button>\n<div class=\"faqAnswer\">\n<p>Cocktales sind in akribischer Handarbeit hergestellte und abgef\u00fcllte klassische Cocktails. Einfach gek\u00fchlt einschenken und genie\u00dfen.<\/p>\n<\/div>\n<button class=\"faqQuestion\">Wie werden Cocktales hergestellt?<\/button>\n<div class=\"faqAnswer\">\n<p>\u00dcber 3 Jahre Entwicklung flie\u00dfen in den Herstellungsprozess ein. Jeder Cocktale wird basierend auf dem Verfahren, welches man in High-End Cocktailbars anwendet, mit entsprechendem R\u00fchrwerk vermengt und mit speziellem Wasser verw\u00e4ssert. Somit entsteht nicht nur exakt die Fl\u00fcssigkeit, die man in einer Cocktailbar serviert bekommt, sondern eine bessere Version davon. Das alles passiert unter strengsten Hygiene Vorschriften und wird im Reinraum abgef\u00fcllt. Unsere Cocktales haben kein MHD und sind konstant in Qualit\u00e4t und Geschmack.<\/p>\n<\/div>\n<button class=\"faqQuestion\">Wie kommt man zur Musik?<\/button>\n<div class=\"faqAnswer\">\n<p>Einfach QR-Code auf der Seite der Flasche mit ge\u00f6ffneter Kamera-App des Smartphones Fokussieren und angeziegten Link \u00f6ffnen.<\/p>\n<\/div>\n<button class=\"faqQuestion\">Warum 100ml?<\/button>\n<div class=\"faqAnswer\">\n<p>Die meisten klassischen Rezepte addieren sich zu 100ml. Au\u00dferdem sind die F\u00fcllh\u00f6hen von Cocktail Gl\u00e4sern sowohl Tumbler als auch Schalen 100 ml (10cl).<\/p>\n<\/div>\n<button class=\"faqQuestion\">Wie schmecken Cocktales?<\/button>\n<div class=\"faqAnswer\">\n<p>Alle Cocktales sind elegant ausgewogen. Jeder verk\u00f6rpert die Charakteristik der klassischen Rezeptur mit dem Gedanken eine Version zu kreieren, die sowohl Kenner, als auch Cocktail Einsteiger ein ganz besonderes Geschmackserlebnis erleben l\u00e4sst.<\/p><\/div>\n<button class=\"faqQuestion\">Wie stark sind Cocktales?<\/button>\n<div class=\"faqAnswer\">\n<p>Die meisten Menschen denken bei sogenannten old englisch Cocktails vor allem an extrem starke Cocktails. Dabei ist es die Kunst durch Vermengen der verschiedensten Zutaten ein Geschmacksensemlbe zu kreieren in dem der Alkohol haupts\u00e4chlich als Geschmackstr\u00e4ger agiert und nicht im Vordergrund steht. Genau das haben wir bei unseren Cocktales erreicht.<\/p>\n<\/div>\n<\/div>\n\n<script>\nvar coll = document.getElementsByClassName(\"faqQuestion\");\nvar i;\n\nfor (i = 0; i < coll.length; i++) {\n  coll[i].addEventListener(\"click\", function() {\n    this.classList.toggle(\"active\");\n    var content = this.nextElementSibling;\n    if (content.style.maxHeight){\n      content.style.maxHeight = null;\n    } else {\n      content.style.maxHeight = content.scrollHeight + \"px\";\n    } \n  });\n}\n<\/script>\n\n\n\n<p><\/p>\n","protected":false},"excerpt":{"rendered":"<p>FAQ Frequently Asked Questions. Was sind bottled Cocktails? Cocktales sind in akribischer Handarbeit hergestellte und abgef\u00fcllte klassische Cocktails. Einfach gek\u00fchlt einschenken und genie\u00dfen. Wie werden Cocktales hergestellt? \u00dcber 3 Jahre Entwicklung flie\u00dfen in den Herstellungsprozess ein. Jeder Cocktale wird basierend auf dem Verfahren, welches man in High-End Cocktailbars anwendet, mit entsprechendem R\u00fchrwerk vermengt und mit &hellip;<\/p>\n","protected":false},"author":1,"featured_media":0,"parent":0,"menu_order":0,"comment_status":"closed","ping_status":"closed","template":"","meta":{"footnotes":""},"class_list":["post-379","page","type-page","status-publish","hentry"],"jetpack_sharing_enabled":true,"_links":{"self":[{"href":"https:\/\/cocktale.de\/shop\/wp-json\/wp\/v2\/pages\/379","targetHints":{"allow":["GET"]}}],"collection":[{"href":"https:\/\/cocktale.de\/shop\/wp-json\/wp\/v2\/pages"}],"about":[{"href":"https:\/\/cocktale.de\/shop\/wp-json\/wp\/v2\/types\/page"}],"author":[{"embeddable":true,"href":"https:\/\/cocktale.de\/shop\/wp-json\/wp\/v2\/users\/1"}],"replies":[{"embeddable":true,"href":"https:\/\/cocktale.de\/shop\/wp-json\/wp\/v2\/comments?post=379"}],"version-history":[{"count":20,"href":"https:\/\/cocktale.de\/shop\/wp-json\/wp\/v2\/pages\/379\/revisions"}],"predecessor-version":[{"id":2237,"href":"https:\/\/cocktale.de\/shop\/wp-json\/wp\/v2\/pages\/379\/revisions\/2237"}],"wp:attachment":[{"href":"https:\/\/cocktale.de\/shop\/wp-json\/wp\/v2\/media?parent=379"}],"curies":[{"name":"wp","href":"https:\/\/api.w.org\/{rel}","templated":true}]}}